{"id":3631,"date":"2025-04-01T18:52:24","date_gmt":"2025-04-01T16:52:24","guid":{"rendered":"https:\/\/gw.link2innovation.ch\/produkt\/rauchlachs-geraeuchert-geschnitten-nor\/"},"modified":"2026-05-11T03:30:26","modified_gmt":"2026-05-11T01:30:26","slug":"rauchlachs-geraeuchert-geschnitten-nor","status":"publish","type":"product","link":"https:\/\/shop.grauwiler.ch\/fr\/produit\/rauchlachs-geraeuchert-geschnitten-nor\/","title":{"rendered":"Saumon fum\u00e9 pr\u00e9-tranch\u00e9 NO"},"content":{"rendered":"","protected":false},"excerpt":{"rendered":"","protected":false},"featured_media":9950,"template":"","meta":[],"product_brand":[],"product_cat":[85],"product_tag":[],"class_list":{"0":"post-3631","1":"product","2":"type-product","3":"status-publish","4":"has-post-thumbnail","6":"product_cat-fisch-schalentiere","8":"first","9":"instock","10":"taxable","11":"shipping-taxable","12":"purchasable","13":"product-type-simple"},"_links":{"self":[{"href":"https:\/\/shop.grauwiler.ch\/fr\/wp-json\/wp\/v2\/product\/3631","targetHints":{"allow":["GET"]}}],"collection":[{"href":"https:\/\/shop.grauwiler.ch\/fr\/wp-json\/wp\/v2\/product"}],"about":[{"href":"https:\/\/shop.grauwiler.ch\/fr\/wp-json\/wp\/v2\/types\/product"}],"wp:featuredmedia":[{"embeddable":true,"href":"https:\/\/shop.grauwiler.ch\/fr\/wp-json\/wp\/v2\/media\/9950"}],"wp:attachment":[{"href":"https:\/\/shop.grauwiler.ch\/fr\/wp-json\/wp\/v2\/media?parent=3631"}],"wp:term":[{"taxonomy":"product_brand","embeddable":true,"href":"https:\/\/shop.grauwiler.ch\/fr\/wp-json\/wp\/v2\/product_brand?post=3631"},{"taxonomy":"product_cat","embeddable":true,"href":"https:\/\/shop.grauwiler.ch\/fr\/wp-json\/wp\/v2\/product_cat?post=3631"},{"taxonomy":"product_tag","embeddable":true,"href":"https:\/\/shop.grauwiler.ch\/fr\/wp-json\/wp\/v2\/product_tag?post=3631"}],"curies":[{"name":"wp","href":"https:\/\/api.w.org\/{rel}","templated":true}]}}